{"id":5986,"date":"2020-12-08T08:33:09","date_gmt":"2020-12-08T08:33:09","guid":{"rendered":"http:\/\/flexseeglasses.tasarlab.com\/?post_type=product&#038;p=5986"},"modified":"2025-01-29T12:18:07","modified_gmt":"2025-01-29T12:18:07","slug":"flexsee-glasses-magnetic-01-mavi-isik-filtreli-siyah","status":"publish","type":"product","link":"https:\/\/flexseeglasses.com\/tr\/urunler\/flexsee-glasses-magnetic-01-mavi-isik-filtreli-siyah\/","title":{"rendered":"Flexsee Glasses Magnetic 01 Mavi I\u015f\u0131k Filtreli Siyah"},"content":{"rendered":"<p class=\"57121fd2094c0521bd6ff683d8d0a42f228bf8a64b8551e1MsoNormal\">En son tasar\u0131m\u0131m\u0131z olan \u00a0Flexsee Magnetic, \u00a0teknolojiyi tarzla birle\u015ftirmenin yeni bir yolu..<\/p>\n<p class=\"57121fd2094c0521bd6ff683d8d0a42f228bf8a64b8551e1MsoNormal\">Flexsee Magnetic, benzersiz tasar\u0131m\u0131 ile kolayca esneyebilir; bu da onu\u00a0 piyasadaki \u00e7o\u011fu g\u00f6zl\u00fckten \u00e7ok daha dayan\u0131kl\u0131 hale getiriyor. Manyetik saplar\u0131 sayesinde Flexsee Magnetic, orijinal konumuna geri d\u00f6nebilir. Bu \u00f6zellik Flexsee\u00a0Magnetic&#8217;in\u00a0kapat\u0131ld\u0131\u011f\u0131nda \u00e7ok ince ve hafif bir g\u00f6r\u00fcn\u00fcme sahip olmas\u0131n\u0131 sa\u011flar.<\/p>\n<p class=\"57121fd2094c0521bd6ff683d8d0a42f228bf8a64b8551e1MsoNormal\">Manyetik arka y\u00fcze sahip k\u0131l\u0131f\u0131 sayesinde, herhangi bir ak\u0131ll\u0131 telefon ve arabadaki navigasyon tutucusu ile kullan\u0131labilen bir tasar\u0131ma sahip.<\/p>\n<p class=\"57121fd2094c0521bd6ff683d8d0a42f228bf8a64b8551e1MsoNormal\">T\u00fcm \u0131\u015f\u0131k renkleri ayn\u0131 etkiye sahip de\u011fildir. G\u00fcnd\u00fcz metabolizmay\u0131 uyan\u0131k tutan, tepki s\u00fcrelerini k\u0131saltan, konsantrasyonumuzu artt\u0131ran mavi dalga \u0131\u015f\u0131k boyu, gece rahats\u0131z edici hale gelir. Ekranlar sebebiyle yo\u011fun elektronik ortama maruz kalmak; beraberinde mav\u0131 \u0131\u015f\u0131k zararlar\u0131 ile kar\u015f\u0131la\u015fmam\u0131za sebep olur.<\/p>\n<p class=\"57121fd2094c0521bd6ff683d8d0a42f228bf8a64b8551e1MsoNormal\">Her t\u00fcr \u0131\u015f\u0131k melatonin salg\u0131lanmas\u0131n\u0131 bast\u0131rabilirken , gece mavi \u0131\u015f\u0131k bunu daha da fazla yapar. Flexsee Magnetic Ekran okuyucular sizi zararl\u0131 mavi \u0131\u015f\u0131klardan korur.<\/p>\n<p class=\"57121fd2094c0521bd6ff683d8d0a42f228bf8a64b8551e1MsoNormal\">\u00a0G\u00f6zl\u00fck modellerimiz numaras\u0131zd\u0131r.<\/p>\n","protected":false},"excerpt":{"rendered":"<p class=\"57121fd2094c0521bd6ff683d8d0a42f228bf8a64b8551e1MsoNormal\">En son tasar\u0131m\u0131m\u0131z olan \u00a0Flexsee Magnetic, \u00a0teknolojiyi tarzla birle\u015ftirmenin yeni bir yolu..<\/p>\n<p class=\"57121fd2094c0521bd6ff683d8d0a42f228bf8a64b8551e1MsoNormal\">Flexsee Magnetic, benzersiz tasar\u0131m\u0131 ile kolayca esneyebilir; bu da onu\u00a0 piyasadaki \u00e7o\u011fu g\u00f6zl\u00fckten \u00e7ok daha dayan\u0131kl\u0131 hale getiriyor. Manyetik saplar\u0131 sayesinde Flexsee Magnetic, orijinal konumuna geri d\u00f6nebilir. Bu \u00f6zellik Flexsee\u00a0Magnetic&#8217;in\u00a0kapat\u0131ld\u0131\u011f\u0131nda \u00e7ok ince ve hafif bir g\u00f6r\u00fcn\u00fcme sahip olmas\u0131n\u0131 sa\u011flar.<\/p>\n<p class=\"57121fd2094c0521bd6ff683d8d0a42f228bf8a64b8551e1MsoNormal\">Manyetik arka y\u00fcze sahip k\u0131l\u0131f\u0131 sayesinde, herhangi bir ak\u0131ll\u0131 telefon ve arabadaki navigasyon tutucusu ile kullan\u0131labilen bir tasar\u0131ma sahip.<\/p>\n<p class=\"57121fd2094c0521bd6ff683d8d0a42f228bf8a64b8551e1MsoNormal\">T\u00fcm \u0131\u015f\u0131k renkleri ayn\u0131 etkiye sahip de\u011fildir. G\u00fcnd\u00fcz metabolizmay\u0131 uyan\u0131k tutan, tepki s\u00fcrelerini k\u0131saltan, konsantrasyonumuzu artt\u0131ran mavi dalga \u0131\u015f\u0131k boyu, gece rahats\u0131z edici hale gelir. Ekranlar sebebiyle yo\u011fun elektronik ortama maruz kalmak; beraberinde mav\u0131 \u0131\u015f\u0131k zararlar\u0131 ile kar\u015f\u0131la\u015fmam\u0131za sebep olur.<\/p>\n<p class=\"57121fd2094c0521bd6ff683d8d0a42f228bf8a64b8551e1MsoNormal\">Her t\u00fcr \u0131\u015f\u0131k melatonin salg\u0131lanmas\u0131n\u0131 bast\u0131rabilirken , gece mavi \u0131\u015f\u0131k bunu daha da fazla yapar. Flexsee Magnetic Ekran okuyucular sizi zararl\u0131 mavi \u0131\u015f\u0131klardan korur.<\/p>\n<p class=\"57121fd2094c0521bd6ff683d8d0a42f228bf8a64b8551e1MsoNormal\">\u00a0G\u00f6zl\u00fck modellerimiz numaras\u0131zd\u0131r.<\/p>\n","protected":false},"featured_media":2103,"comment_status":"open","ping_status":"closed","template":"","meta":[],"product_cat":[58],"product_tag":[],"yoast_head":"<!-- This site is optimized with the Yoast SEO plugin v22.8 - https:\/\/yoast.com\/wordpress\/plugins\/seo\/ -->\n<title>Flexsee Glasses Magnetic 01 Mavi I\u015f\u0131k Filtreli Siyah - Flexsee Glasses<\/title>\n<meta name=\"description\" content=\"The Flexsee Retro reading glasses allow you to comfortably wear your readers everywhere. These silicone based readers\" \/>\n<meta name=\"robots\" content=\"noindex, follow, max-snippet:-1, max-image-preview:large, max-video-preview:-1\" \/>\n<meta property=\"og:locale\" content=\"tr_TR\" \/>\n<meta property=\"og:type\" content=\"article\" \/>\n<meta property=\"og:title\" content=\"Flexsee Glasses Magnetic 01 Mavi I\u015f\u0131k Filtreli Siyah - Flexsee Glasses\" \/>\n<meta property=\"og:description\" content=\"The Flexsee Retro reading glasses allow you to comfortably wear your readers everywhere. These silicone based readers\" \/>\n<meta property=\"og:url\" content=\"https:\/\/flexseeglasses.com\/tr\/urunler\/flexsee-glasses-magnetic-01-mavi-isik-filtreli-siyah\/\" \/>\n<meta property=\"og:site_name\" content=\"Flexsee Glasses\" \/>\n<meta property=\"article:modified_time\" content=\"2025-01-29T12:18:07+00:00\" \/>\n<meta property=\"og:image\" content=\"https:\/\/flexseeglasses.com\/tr\/wp-content\/uploads\/2020\/07\/Flexsee-Magnetic-01_screen_Black1.jpg\" \/>\n\t<meta property=\"og:image:width\" content=\"845\" \/>\n\t<meta property=\"og:image:height\" content=\"644\" \/>\n\t<meta property=\"og:image:type\" content=\"image\/jpeg\" \/>\n<meta name=\"twitter:card\" content=\"summary_large_image\" \/>\n<meta name=\"twitter:label1\" content=\"Tahmini okuma s\u00fcresi\" \/>\n\t<meta name=\"twitter:data1\" content=\"1 dakika\" \/>\n<script type=\"application\/ld+json\" class=\"yoast-schema-graph\">{\"@context\":\"https:\/\/schema.org\",\"@graph\":[{\"@type\":\"WebPage\",\"@id\":\"https:\/\/flexseeglasses.com\/tr\/urunler\/flexsee-glasses-magnetic-01-mavi-isik-filtreli-siyah\/\",\"url\":\"https:\/\/flexseeglasses.com\/tr\/urunler\/flexsee-glasses-magnetic-01-mavi-isik-filtreli-siyah\/\",\"name\":\"Flexsee Glasses Magnetic 01 Mavi I\u015f\u0131k Filtreli Siyah - Flexsee Glasses\",\"isPartOf\":{\"@id\":\"https:\/\/flexseeglasses.com\/tr\/#website\"},\"primaryImageOfPage\":{\"@id\":\"https:\/\/flexseeglasses.com\/tr\/urunler\/flexsee-glasses-magnetic-01-mavi-isik-filtreli-siyah\/#primaryimage\"},\"image\":{\"@id\":\"https:\/\/flexseeglasses.com\/tr\/urunler\/flexsee-glasses-magnetic-01-mavi-isik-filtreli-siyah\/#primaryimage\"},\"thumbnailUrl\":\"https:\/\/flexseeglasses.com\/tr\/wp-content\/uploads\/2020\/07\/Flexsee-Magnetic-01_screen_Black1.jpg\",\"datePublished\":\"2020-12-08T08:33:09+00:00\",\"dateModified\":\"2025-01-29T12:18:07+00:00\",\"description\":\"The Flexsee Retro reading glasses allow you to comfortably wear your readers everywhere. These silicone based readers\",\"breadcrumb\":{\"@id\":\"https:\/\/flexseeglasses.com\/tr\/urunler\/flexsee-glasses-magnetic-01-mavi-isik-filtreli-siyah\/#breadcrumb\"},\"inLanguage\":\"tr\",\"potentialAction\":[{\"@type\":\"ReadAction\",\"target\":[\"https:\/\/flexseeglasses.com\/tr\/urunler\/flexsee-glasses-magnetic-01-mavi-isik-filtreli-siyah\/\"]}]},{\"@type\":\"ImageObject\",\"inLanguage\":\"tr\",\"@id\":\"https:\/\/flexseeglasses.com\/tr\/urunler\/flexsee-glasses-magnetic-01-mavi-isik-filtreli-siyah\/#primaryimage\",\"url\":\"https:\/\/flexseeglasses.com\/tr\/wp-content\/uploads\/2020\/07\/Flexsee-Magnetic-01_screen_Black1.jpg\",\"contentUrl\":\"https:\/\/flexseeglasses.com\/tr\/wp-content\/uploads\/2020\/07\/Flexsee-Magnetic-01_screen_Black1.jpg\",\"width\":845,\"height\":644},{\"@type\":\"BreadcrumbList\",\"@id\":\"https:\/\/flexseeglasses.com\/tr\/urunler\/flexsee-glasses-magnetic-01-mavi-isik-filtreli-siyah\/#breadcrumb\",\"itemListElement\":[{\"@type\":\"ListItem\",\"position\":1,\"name\":\"Home\",\"item\":\"https:\/\/flexseeglasses.com\/tr\/\"},{\"@type\":\"ListItem\",\"position\":2,\"name\":\"Ma\u011faza\",\"item\":\"https:\/\/flexseeglasses.com\/tr\/magaza\/\"},{\"@type\":\"ListItem\",\"position\":3,\"name\":\"Flexsee Glasses Magnetic 01 Mavi I\u015f\u0131k Filtreli Siyah\"}]},{\"@type\":\"WebSite\",\"@id\":\"https:\/\/flexseeglasses.com\/tr\/#website\",\"url\":\"https:\/\/flexseeglasses.com\/tr\/\",\"name\":\"Flexsee Glasses\",\"description\":\"\",\"potentialAction\":[{\"@type\":\"SearchAction\",\"target\":{\"@type\":\"EntryPoint\",\"urlTemplate\":\"https:\/\/flexseeglasses.com\/tr\/?s={search_term_string}\"},\"query-input\":\"required name=search_term_string\"}],\"inLanguage\":\"tr\"}]}<\/script>\n<!-- \/ Yoast SEO plugin. -->","yoast_head_json":{"title":"Flexsee Glasses Magnetic 01 Mavi I\u015f\u0131k Filtreli Siyah - Flexsee Glasses","description":"The Flexsee Retro reading glasses allow you to comfortably wear your readers everywhere. These silicone based readers","robots":{"index":"noindex","follow":"follow","max-snippet":"max-snippet:-1","max-image-preview":"max-image-preview:large","max-video-preview":"max-video-preview:-1"},"og_locale":"tr_TR","og_type":"article","og_title":"Flexsee Glasses Magnetic 01 Mavi I\u015f\u0131k Filtreli Siyah - Flexsee Glasses","og_description":"The Flexsee Retro reading glasses allow you to comfortably wear your readers everywhere. These silicone based readers","og_url":"https:\/\/flexseeglasses.com\/tr\/urunler\/flexsee-glasses-magnetic-01-mavi-isik-filtreli-siyah\/","og_site_name":"Flexsee Glasses","article_modified_time":"2025-01-29T12:18:07+00:00","og_image":[{"width":845,"height":644,"url":"https:\/\/flexseeglasses.com\/tr\/wp-content\/uploads\/2020\/07\/Flexsee-Magnetic-01_screen_Black1.jpg","type":"image\/jpeg"}],"twitter_card":"summary_large_image","twitter_misc":{"Tahmini okuma s\u00fcresi":"1 dakika"},"schema":{"@context":"https:\/\/schema.org","@graph":[{"@type":"WebPage","@id":"https:\/\/flexseeglasses.com\/tr\/urunler\/flexsee-glasses-magnetic-01-mavi-isik-filtreli-siyah\/","url":"https:\/\/flexseeglasses.com\/tr\/urunler\/flexsee-glasses-magnetic-01-mavi-isik-filtreli-siyah\/","name":"Flexsee Glasses Magnetic 01 Mavi I\u015f\u0131k Filtreli Siyah - Flexsee Glasses","isPartOf":{"@id":"https:\/\/flexseeglasses.com\/tr\/#website"},"primaryImageOfPage":{"@id":"https:\/\/flexseeglasses.com\/tr\/urunler\/flexsee-glasses-magnetic-01-mavi-isik-filtreli-siyah\/#primaryimage"},"image":{"@id":"https:\/\/flexseeglasses.com\/tr\/urunler\/flexsee-glasses-magnetic-01-mavi-isik-filtreli-siyah\/#primaryimage"},"thumbnailUrl":"https:\/\/flexseeglasses.com\/tr\/wp-content\/uploads\/2020\/07\/Flexsee-Magnetic-01_screen_Black1.jpg","datePublished":"2020-12-08T08:33:09+00:00","dateModified":"2025-01-29T12:18:07+00:00","description":"The Flexsee Retro reading glasses allow you to comfortably wear your readers everywhere. These silicone based readers","breadcrumb":{"@id":"https:\/\/flexseeglasses.com\/tr\/urunler\/flexsee-glasses-magnetic-01-mavi-isik-filtreli-siyah\/#breadcrumb"},"inLanguage":"tr","potentialAction":[{"@type":"ReadAction","target":["https:\/\/flexseeglasses.com\/tr\/urunler\/flexsee-glasses-magnetic-01-mavi-isik-filtreli-siyah\/"]}]},{"@type":"ImageObject","inLanguage":"tr","@id":"https:\/\/flexseeglasses.com\/tr\/urunler\/flexsee-glasses-magnetic-01-mavi-isik-filtreli-siyah\/#primaryimage","url":"https:\/\/flexseeglasses.com\/tr\/wp-content\/uploads\/2020\/07\/Flexsee-Magnetic-01_screen_Black1.jpg","contentUrl":"https:\/\/flexseeglasses.com\/tr\/wp-content\/uploads\/2020\/07\/Flexsee-Magnetic-01_screen_Black1.jpg","width":845,"height":644},{"@type":"BreadcrumbList","@id":"https:\/\/flexseeglasses.com\/tr\/urunler\/flexsee-glasses-magnetic-01-mavi-isik-filtreli-siyah\/#breadcrumb","itemListElement":[{"@type":"ListItem","position":1,"name":"Home","item":"https:\/\/flexseeglasses.com\/tr\/"},{"@type":"ListItem","position":2,"name":"Ma\u011faza","item":"https:\/\/flexseeglasses.com\/tr\/magaza\/"},{"@type":"ListItem","position":3,"name":"Flexsee Glasses Magnetic 01 Mavi I\u015f\u0131k Filtreli Siyah"}]},{"@type":"WebSite","@id":"https:\/\/flexseeglasses.com\/tr\/#website","url":"https:\/\/flexseeglasses.com\/tr\/","name":"Flexsee Glasses","description":"","potentialAction":[{"@type":"SearchAction","target":{"@type":"EntryPoint","urlTemplate":"https:\/\/flexseeglasses.com\/tr\/?s={search_term_string}"},"query-input":"required name=search_term_string"}],"inLanguage":"tr"}]}},"_links":{"self":[{"href":"https:\/\/flexseeglasses.com\/tr\/wp-json\/wp\/v2\/product\/5986"}],"collection":[{"href":"https:\/\/flexseeglasses.com\/tr\/wp-json\/wp\/v2\/product"}],"about":[{"href":"https:\/\/flexseeglasses.com\/tr\/wp-json\/wp\/v2\/types\/product"}],"replies":[{"embeddable":true,"href":"https:\/\/flexseeglasses.com\/tr\/wp-json\/wp\/v2\/comments?post=5986"}],"wp:featuredmedia":[{"embeddable":true,"href":"https:\/\/flexseeglasses.com\/tr\/wp-json\/wp\/v2\/media\/2103"}],"wp:attachment":[{"href":"https:\/\/flexseeglasses.com\/tr\/wp-json\/wp\/v2\/media?parent=5986"}],"wp:term":[{"taxonomy":"product_cat","embeddable":true,"href":"https:\/\/flexseeglasses.com\/tr\/wp-json\/wp\/v2\/product_cat?post=5986"},{"taxonomy":"product_tag","embeddable":true,"href":"https:\/\/flexseeglasses.com\/tr\/wp-json\/wp\/v2\/product_tag?post=5986"}],"curies":[{"name":"wp","href":"https:\/\/api.w.org\/{rel}","templated":true}]}}