{"id":5591,"date":"2020-12-04T14:21:05","date_gmt":"2020-12-04T14:21:05","guid":{"rendered":"http:\/\/flexseeglasses.tasarlab.com\/?post_type=product&#038;p=5591"},"modified":"2025-01-29T12:15:55","modified_gmt":"2025-01-29T12:15:55","slug":"flexsee-glasses-magnetic-01-gunes-kirmizi","status":"publish","type":"product","link":"https:\/\/flexseeglasses.com\/tr\/urunler\/flexsee-glasses-magnetic-01-gunes-kirmizi\/","title":{"rendered":"Flexsee Glasses Magnetic 01 G\u00fcne\u015f K\u0131rm\u0131z\u0131"},"content":{"rendered":"<p>En son tasar\u0131m\u0131m\u0131z Flexsee Magnetic, teknolojiyi tarzla birle\u015ftirmenin tamamen yeni bir yoludur. Flexsee Magnetic, benzersiz tasar\u0131m\u0131 ile zahmetsizce kolayl\u0131kla esneyebilir. Piyasadaki \u00e7o\u011fu g\u00f6zl\u00fckten \u00e7ok daha dayan\u0131kl\u0131 hale getiriyor. Manyetik saplar\u0131 sayesinde Flexsee Magnetic, orijinal konumuna geri d\u00f6nebilir. Bu, Flexsee Magnetic&#8217;in kapat\u0131ld\u0131\u011f\u0131nda \u00e7ok ince ve hafif bir g\u00f6r\u00fcn\u00fcme sahip olmas\u0131n\u0131 sa\u011flar. Bir arabadaki herhangi bir ak\u0131ll\u0131 telefon ve navigasyon tutucusu ile kullan\u0131labilen manyetik bir arka y\u00fcze sahip benzersiz bir kasa tasar\u0131m\u0131. Flexsee Manyetik G\u00fcne\u015f Okuyucular, 5 farkl\u0131 g\u00fc\u00e7te estetik renklere sahip y\u00fcksek kaliteli UV 400 camlara sahiptir ve net g\u00f6r\u00fc\u015f ve zararl\u0131 g\u00fcne\u015f \u0131\u015f\u0131nlar\u0131na kar\u015f\u0131 y\u00fcksek koruma sa\u011flar.<\/p>\n","protected":false},"excerpt":{"rendered":"<p>En son tasar\u0131m\u0131m\u0131z Flexsee Magnetic, teknolojiyi tarzla birle\u015ftirmenin tamamen yeni bir yoludur. Flexsee Magnetic, benzersiz tasar\u0131m\u0131 ile zahmetsizce kolayl\u0131kla esneyebilir. Piyasadaki \u00e7o\u011fu g\u00f6zl\u00fckten \u00e7ok daha dayan\u0131kl\u0131 hale getiriyor. Manyetik saplar\u0131 sayesinde Flexsee Magnetic, orijinal konumuna geri d\u00f6nebilir. Bu, Flexsee Magnetic&#8217;in kapat\u0131ld\u0131\u011f\u0131nda \u00e7ok ince ve hafif bir g\u00f6r\u00fcn\u00fcme sahip olmas\u0131n\u0131 sa\u011flar. Bir arabadaki herhangi bir ak\u0131ll\u0131 telefon ve navigasyon tutucusu ile kullan\u0131labilen manyetik bir arka y\u00fcze sahip benzersiz bir kasa tasar\u0131m\u0131. Flexsee Manyetik G\u00fcne\u015f Okuyucular, 5 farkl\u0131 g\u00fc\u00e7te estetik renklere sahip y\u00fcksek kaliteli UV 400 camlara sahiptir ve net g\u00f6r\u00fc\u015f ve zararl\u0131 g\u00fcne\u015f \u0131\u015f\u0131nlar\u0131na kar\u015f\u0131 y\u00fcksek koruma sa\u011flar.<\/p>\n","protected":false},"featured_media":2170,"comment_status":"open","ping_status":"closed","template":"","meta":[],"product_cat":[62],"product_tag":[],"yoast_head":"<!-- This site is optimized with the Yoast SEO plugin v22.8 - https:\/\/yoast.com\/wordpress\/plugins\/seo\/ -->\n<title>Flexsee Glasses Magnetic 01 G\u00fcne\u015f K\u0131rm\u0131z\u0131 - Flexsee Glasses<\/title>\n<meta name=\"robots\" content=\"noindex, follow, max-snippet:-1, max-image-preview:large, max-video-preview:-1\" \/>\n<meta property=\"og:locale\" content=\"tr_TR\" \/>\n<meta property=\"og:type\" content=\"article\" \/>\n<meta property=\"og:title\" content=\"Flexsee Glasses Magnetic 01 G\u00fcne\u015f K\u0131rm\u0131z\u0131 - Flexsee Glasses\" \/>\n<meta property=\"og:description\" content=\"En son tasar\u0131m\u0131m\u0131z Flexsee Magnetic, teknolojiyi tarzla birle\u015ftirmenin tamamen yeni bir yoludur. Flexsee Magnetic, benzersiz tasar\u0131m\u0131 ile zahmetsizce kolayl\u0131kla esneyebilir. Piyasadaki \u00e7o\u011fu g\u00f6zl\u00fckten \u00e7ok daha dayan\u0131kl\u0131 hale getiriyor. Manyetik saplar\u0131 sayesinde Flexsee Magnetic, orijinal konumuna geri d\u00f6nebilir. Bu, Flexsee Magnetic&#039;in kapat\u0131ld\u0131\u011f\u0131nda \u00e7ok ince ve hafif bir g\u00f6r\u00fcn\u00fcme sahip olmas\u0131n\u0131 sa\u011flar. Bir arabadaki herhangi bir ak\u0131ll\u0131 telefon ve navigasyon tutucusu ile kullan\u0131labilen manyetik bir arka y\u00fcze sahip benzersiz bir kasa tasar\u0131m\u0131. Flexsee Manyetik G\u00fcne\u015f Okuyucular, 5 farkl\u0131 g\u00fc\u00e7te estetik renklere sahip y\u00fcksek kaliteli UV 400 camlara sahiptir ve net g\u00f6r\u00fc\u015f ve zararl\u0131 g\u00fcne\u015f \u0131\u015f\u0131nlar\u0131na kar\u015f\u0131 y\u00fcksek koruma sa\u011flar.\" \/>\n<meta property=\"og:url\" content=\"https:\/\/flexseeglasses.com\/tr\/urunler\/flexsee-glasses-magnetic-01-gunes-kirmizi\/\" \/>\n<meta property=\"og:site_name\" content=\"Flexsee Glasses\" \/>\n<meta property=\"article:modified_time\" content=\"2025-01-29T12:15:55+00:00\" \/>\n<meta property=\"og:image\" content=\"https:\/\/flexseeglasses.com\/tr\/wp-content\/uploads\/2020\/07\/Flexsee-Magnetic-01_sun_red.jpg\" \/>\n\t<meta property=\"og:image:width\" content=\"845\" \/>\n\t<meta property=\"og:image:height\" content=\"644\" \/>\n\t<meta property=\"og:image:type\" content=\"image\/jpeg\" \/>\n<meta name=\"twitter:card\" content=\"summary_large_image\" \/>\n<meta name=\"twitter:label1\" content=\"Tahmini okuma s\u00fcresi\" \/>\n\t<meta name=\"twitter:data1\" content=\"1 dakika\" \/>\n<script type=\"application\/ld+json\" class=\"yoast-schema-graph\">{\"@context\":\"https:\/\/schema.org\",\"@graph\":[{\"@type\":\"WebPage\",\"@id\":\"https:\/\/flexseeglasses.com\/tr\/urunler\/flexsee-glasses-magnetic-01-gunes-kirmizi\/\",\"url\":\"https:\/\/flexseeglasses.com\/tr\/urunler\/flexsee-glasses-magnetic-01-gunes-kirmizi\/\",\"name\":\"Flexsee Glasses Magnetic 01 G\u00fcne\u015f K\u0131rm\u0131z\u0131 - Flexsee Glasses\",\"isPartOf\":{\"@id\":\"https:\/\/flexseeglasses.com\/tr\/#website\"},\"primaryImageOfPage\":{\"@id\":\"https:\/\/flexseeglasses.com\/tr\/urunler\/flexsee-glasses-magnetic-01-gunes-kirmizi\/#primaryimage\"},\"image\":{\"@id\":\"https:\/\/flexseeglasses.com\/tr\/urunler\/flexsee-glasses-magnetic-01-gunes-kirmizi\/#primaryimage\"},\"thumbnailUrl\":\"https:\/\/flexseeglasses.com\/tr\/wp-content\/uploads\/2020\/07\/Flexsee-Magnetic-01_sun_red.jpg\",\"datePublished\":\"2020-12-04T14:21:05+00:00\",\"dateModified\":\"2025-01-29T12:15:55+00:00\",\"breadcrumb\":{\"@id\":\"https:\/\/flexseeglasses.com\/tr\/urunler\/flexsee-glasses-magnetic-01-gunes-kirmizi\/#breadcrumb\"},\"inLanguage\":\"tr\",\"potentialAction\":[{\"@type\":\"ReadAction\",\"target\":[\"https:\/\/flexseeglasses.com\/tr\/urunler\/flexsee-glasses-magnetic-01-gunes-kirmizi\/\"]}]},{\"@type\":\"ImageObject\",\"inLanguage\":\"tr\",\"@id\":\"https:\/\/flexseeglasses.com\/tr\/urunler\/flexsee-glasses-magnetic-01-gunes-kirmizi\/#primaryimage\",\"url\":\"https:\/\/flexseeglasses.com\/tr\/wp-content\/uploads\/2020\/07\/Flexsee-Magnetic-01_sun_red.jpg\",\"contentUrl\":\"https:\/\/flexseeglasses.com\/tr\/wp-content\/uploads\/2020\/07\/Flexsee-Magnetic-01_sun_red.jpg\",\"width\":845,\"height\":644},{\"@type\":\"BreadcrumbList\",\"@id\":\"https:\/\/flexseeglasses.com\/tr\/urunler\/flexsee-glasses-magnetic-01-gunes-kirmizi\/#breadcrumb\",\"itemListElement\":[{\"@type\":\"ListItem\",\"position\":1,\"name\":\"Home\",\"item\":\"https:\/\/flexseeglasses.com\/tr\/\"},{\"@type\":\"ListItem\",\"position\":2,\"name\":\"Ma\u011faza\",\"item\":\"https:\/\/flexseeglasses.com\/tr\/magaza\/\"},{\"@type\":\"ListItem\",\"position\":3,\"name\":\"Flexsee Glasses Magnetic 01 G\u00fcne\u015f K\u0131rm\u0131z\u0131\"}]},{\"@type\":\"WebSite\",\"@id\":\"https:\/\/flexseeglasses.com\/tr\/#website\",\"url\":\"https:\/\/flexseeglasses.com\/tr\/\",\"name\":\"Flexsee Glasses\",\"description\":\"\",\"potentialAction\":[{\"@type\":\"SearchAction\",\"target\":{\"@type\":\"EntryPoint\",\"urlTemplate\":\"https:\/\/flexseeglasses.com\/tr\/?s={search_term_string}\"},\"query-input\":\"required name=search_term_string\"}],\"inLanguage\":\"tr\"}]}<\/script>\n<!-- \/ Yoast SEO plugin. -->","yoast_head_json":{"title":"Flexsee Glasses Magnetic 01 G\u00fcne\u015f K\u0131rm\u0131z\u0131 - Flexsee Glasses","robots":{"index":"noindex","follow":"follow","max-snippet":"max-snippet:-1","max-image-preview":"max-image-preview:large","max-video-preview":"max-video-preview:-1"},"og_locale":"tr_TR","og_type":"article","og_title":"Flexsee Glasses Magnetic 01 G\u00fcne\u015f K\u0131rm\u0131z\u0131 - Flexsee Glasses","og_description":"En son tasar\u0131m\u0131m\u0131z Flexsee Magnetic, teknolojiyi tarzla birle\u015ftirmenin tamamen yeni bir yoludur. Flexsee Magnetic, benzersiz tasar\u0131m\u0131 ile zahmetsizce kolayl\u0131kla esneyebilir. Piyasadaki \u00e7o\u011fu g\u00f6zl\u00fckten \u00e7ok daha dayan\u0131kl\u0131 hale getiriyor. Manyetik saplar\u0131 sayesinde Flexsee Magnetic, orijinal konumuna geri d\u00f6nebilir. Bu, Flexsee Magnetic'in kapat\u0131ld\u0131\u011f\u0131nda \u00e7ok ince ve hafif bir g\u00f6r\u00fcn\u00fcme sahip olmas\u0131n\u0131 sa\u011flar. Bir arabadaki herhangi bir ak\u0131ll\u0131 telefon ve navigasyon tutucusu ile kullan\u0131labilen manyetik bir arka y\u00fcze sahip benzersiz bir kasa tasar\u0131m\u0131. Flexsee Manyetik G\u00fcne\u015f Okuyucular, 5 farkl\u0131 g\u00fc\u00e7te estetik renklere sahip y\u00fcksek kaliteli UV 400 camlara sahiptir ve net g\u00f6r\u00fc\u015f ve zararl\u0131 g\u00fcne\u015f \u0131\u015f\u0131nlar\u0131na kar\u015f\u0131 y\u00fcksek koruma sa\u011flar.","og_url":"https:\/\/flexseeglasses.com\/tr\/urunler\/flexsee-glasses-magnetic-01-gunes-kirmizi\/","og_site_name":"Flexsee Glasses","article_modified_time":"2025-01-29T12:15:55+00:00","og_image":[{"width":845,"height":644,"url":"https:\/\/flexseeglasses.com\/tr\/wp-content\/uploads\/2020\/07\/Flexsee-Magnetic-01_sun_red.jpg","type":"image\/jpeg"}],"twitter_card":"summary_large_image","twitter_misc":{"Tahmini okuma s\u00fcresi":"1 dakika"},"schema":{"@context":"https:\/\/schema.org","@graph":[{"@type":"WebPage","@id":"https:\/\/flexseeglasses.com\/tr\/urunler\/flexsee-glasses-magnetic-01-gunes-kirmizi\/","url":"https:\/\/flexseeglasses.com\/tr\/urunler\/flexsee-glasses-magnetic-01-gunes-kirmizi\/","name":"Flexsee Glasses Magnetic 01 G\u00fcne\u015f K\u0131rm\u0131z\u0131 - Flexsee Glasses","isPartOf":{"@id":"https:\/\/flexseeglasses.com\/tr\/#website"},"primaryImageOfPage":{"@id":"https:\/\/flexseeglasses.com\/tr\/urunler\/flexsee-glasses-magnetic-01-gunes-kirmizi\/#primaryimage"},"image":{"@id":"https:\/\/flexseeglasses.com\/tr\/urunler\/flexsee-glasses-magnetic-01-gunes-kirmizi\/#primaryimage"},"thumbnailUrl":"https:\/\/flexseeglasses.com\/tr\/wp-content\/uploads\/2020\/07\/Flexsee-Magnetic-01_sun_red.jpg","datePublished":"2020-12-04T14:21:05+00:00","dateModified":"2025-01-29T12:15:55+00:00","breadcrumb":{"@id":"https:\/\/flexseeglasses.com\/tr\/urunler\/flexsee-glasses-magnetic-01-gunes-kirmizi\/#breadcrumb"},"inLanguage":"tr","potentialAction":[{"@type":"ReadAction","target":["https:\/\/flexseeglasses.com\/tr\/urunler\/flexsee-glasses-magnetic-01-gunes-kirmizi\/"]}]},{"@type":"ImageObject","inLanguage":"tr","@id":"https:\/\/flexseeglasses.com\/tr\/urunler\/flexsee-glasses-magnetic-01-gunes-kirmizi\/#primaryimage","url":"https:\/\/flexseeglasses.com\/tr\/wp-content\/uploads\/2020\/07\/Flexsee-Magnetic-01_sun_red.jpg","contentUrl":"https:\/\/flexseeglasses.com\/tr\/wp-content\/uploads\/2020\/07\/Flexsee-Magnetic-01_sun_red.jpg","width":845,"height":644},{"@type":"BreadcrumbList","@id":"https:\/\/flexseeglasses.com\/tr\/urunler\/flexsee-glasses-magnetic-01-gunes-kirmizi\/#breadcrumb","itemListElement":[{"@type":"ListItem","position":1,"name":"Home","item":"https:\/\/flexseeglasses.com\/tr\/"},{"@type":"ListItem","position":2,"name":"Ma\u011faza","item":"https:\/\/flexseeglasses.com\/tr\/magaza\/"},{"@type":"ListItem","position":3,"name":"Flexsee Glasses Magnetic 01 G\u00fcne\u015f K\u0131rm\u0131z\u0131"}]},{"@type":"WebSite","@id":"https:\/\/flexseeglasses.com\/tr\/#website","url":"https:\/\/flexseeglasses.com\/tr\/","name":"Flexsee Glasses","description":"","potentialAction":[{"@type":"SearchAction","target":{"@type":"EntryPoint","urlTemplate":"https:\/\/flexseeglasses.com\/tr\/?s={search_term_string}"},"query-input":"required name=search_term_string"}],"inLanguage":"tr"}]}},"_links":{"self":[{"href":"https:\/\/flexseeglasses.com\/tr\/wp-json\/wp\/v2\/product\/5591"}],"collection":[{"href":"https:\/\/flexseeglasses.com\/tr\/wp-json\/wp\/v2\/product"}],"about":[{"href":"https:\/\/flexseeglasses.com\/tr\/wp-json\/wp\/v2\/types\/product"}],"replies":[{"embeddable":true,"href":"https:\/\/flexseeglasses.com\/tr\/wp-json\/wp\/v2\/comments?post=5591"}],"wp:featuredmedia":[{"embeddable":true,"href":"https:\/\/flexseeglasses.com\/tr\/wp-json\/wp\/v2\/media\/2170"}],"wp:attachment":[{"href":"https:\/\/flexseeglasses.com\/tr\/wp-json\/wp\/v2\/media?parent=5591"}],"wp:term":[{"taxonomy":"product_cat","embeddable":true,"href":"https:\/\/flexseeglasses.com\/tr\/wp-json\/wp\/v2\/product_cat?post=5591"},{"taxonomy":"product_tag","embeddable":true,"href":"https:\/\/flexseeglasses.com\/tr\/wp-json\/wp\/v2\/product_tag?post=5591"}],"curies":[{"name":"wp","href":"https:\/\/api.w.org\/{rel}","templated":true}]}}