{"id":5531,"date":"2020-12-04T14:18:21","date_gmt":"2020-12-04T14:18:21","guid":{"rendered":"http:\/\/flexseeglasses.tasarlab.com\/?post_type=product&#038;p=5531"},"modified":"2025-01-29T12:15:55","modified_gmt":"2025-01-29T12:15:55","slug":"flexsee-glasses-magnetic-01-gunes-siyah-mermer","status":"publish","type":"product","link":"https:\/\/flexseeglasses.com\/tr\/urunler\/flexsee-glasses-magnetic-01-gunes-siyah-mermer\/","title":{"rendered":"Flexsee Glasses Magnetic 01 G\u00fcne\u015f Siyah Mermer"},"content":{"rendered":"<p class=\"57121fd2094c0521bd6ff683d8d0a42f228bf8a64b8551e1MsoNormal\">En son tasar\u0131m\u0131m\u0131z olan \u00a0Flexsee Magnetic, \u00a0teknolojiyi tarzla birle\u015ftirmenin yeni bir yolu..<\/p>\n<p class=\"57121fd2094c0521bd6ff683d8d0a42f228bf8a64b8551e1MsoNormal\">\u00a0Flexsee Magnetic, benzersiz tasar\u0131m\u0131 ile kolayca esneyebilir; bu da onu\u00a0 piyasadaki \u00e7o\u011fu g\u00f6zl\u00fckten \u00e7ok daha dayan\u0131kl\u0131 hale getiriyor. Manyetik saplar\u0131 sayesinde Flexsee Magnetic, orijinal konumuna geri d\u00f6nebilir. Bu \u00f6zellik Flexsee Magnetic&#8217;in kapat\u0131ld\u0131\u011f\u0131nda \u00e7ok ince ve hafif bir g\u00f6r\u00fcn\u00fcme sahip olmas\u0131n\u0131 sa\u011flar.<\/p>\n<p class=\"57121fd2094c0521bd6ff683d8d0a42f228bf8a64b8551e1MsoNormal\">Manyetik arka y\u00fcze sahip k\u0131l\u0131f\u0131 sayesinde, herhangi bir ak\u0131ll\u0131 telefon ve arabadaki navigasyon tutucusu ile kullan\u0131labilen bir tasar\u0131ma sahip.<\/p>\n<p class=\"57121fd2094c0521bd6ff683d8d0a42f228bf8a64b8551e1MsoNormal\">Flexsee Manyetik G\u00fcne\u015f Okuyucular, y\u00fcksek kaliteli UV 400 camlar\u0131 sayesinde zararl\u0131 g\u00fcne\u015f \u0131\u015f\u0131nlar\u0131na kar\u015f\u0131 y\u00fcksek koruma sa\u011flar.<\/p>\n","protected":false},"excerpt":{"rendered":"<p class=\"57121fd2094c0521bd6ff683d8d0a42f228bf8a64b8551e1MsoNormal\">En son tasar\u0131m\u0131m\u0131z olan \u00a0Flexsee Magnetic, \u00a0teknolojiyi tarzla birle\u015ftirmenin yeni bir yolu..<\/p>\n<p class=\"57121fd2094c0521bd6ff683d8d0a42f228bf8a64b8551e1MsoNormal\">\u00a0Flexsee Magnetic, benzersiz tasar\u0131m\u0131 ile kolayca esneyebilir; bu da onu\u00a0 piyasadaki \u00e7o\u011fu g\u00f6zl\u00fckten \u00e7ok daha dayan\u0131kl\u0131 hale getiriyor. Manyetik saplar\u0131 sayesinde Flexsee Magnetic, orijinal konumuna geri d\u00f6nebilir. Bu \u00f6zellik Flexsee Magnetic&#8217;in kapat\u0131ld\u0131\u011f\u0131nda \u00e7ok ince ve hafif bir g\u00f6r\u00fcn\u00fcme sahip olmas\u0131n\u0131 sa\u011flar.<\/p>\n<p class=\"57121fd2094c0521bd6ff683d8d0a42f228bf8a64b8551e1MsoNormal\">Manyetik arka y\u00fcze sahip k\u0131l\u0131f\u0131 sayesinde, herhangi bir ak\u0131ll\u0131 telefon ve arabadaki navigasyon tutucusu ile kullan\u0131labilen bir tasar\u0131ma sahip.<\/p>\n<p class=\"57121fd2094c0521bd6ff683d8d0a42f228bf8a64b8551e1MsoNormal\">Flexsee Manyetik G\u00fcne\u015f Okuyucular, y\u00fcksek kaliteli UV 400 camlar\u0131 sayesinde zararl\u0131 g\u00fcne\u015f \u0131\u015f\u0131nlar\u0131na kar\u015f\u0131 y\u00fcksek koruma sa\u011flar.<\/p>\n","protected":false},"featured_media":2168,"comment_status":"open","ping_status":"closed","template":"","meta":[],"product_cat":[62],"product_tag":[],"yoast_head":"<!-- This site is optimized with the Yoast SEO plugin v22.8 - https:\/\/yoast.com\/wordpress\/plugins\/seo\/ -->\n<title>Flexsee Glasses Magnetic 01 G\u00fcne\u015f Siyah Mermer - Flexsee Glasses<\/title>\n<meta name=\"robots\" content=\"noindex, follow, max-snippet:-1, max-image-preview:large, max-video-preview:-1\" \/>\n<meta property=\"og:locale\" content=\"tr_TR\" \/>\n<meta property=\"og:type\" content=\"article\" \/>\n<meta property=\"og:title\" content=\"Flexsee Glasses Magnetic 01 G\u00fcne\u015f Siyah Mermer - Flexsee Glasses\" \/>\n<meta property=\"og:description\" content=\"En son tasar\u0131m\u0131m\u0131z olan \u00a0Flexsee Magnetic, \u00a0teknolojiyi tarzla birle\u015ftirmenin yeni bir yolu.. \u00a0Flexsee Magnetic, benzersiz tasar\u0131m\u0131 ile kolayca esneyebilir; bu da onu\u00a0 piyasadaki \u00e7o\u011fu g\u00f6zl\u00fckten \u00e7ok daha dayan\u0131kl\u0131 hale getiriyor. Manyetik saplar\u0131 sayesinde Flexsee Magnetic, orijinal konumuna geri d\u00f6nebilir. Bu \u00f6zellik Flexsee Magnetic&#039;in kapat\u0131ld\u0131\u011f\u0131nda \u00e7ok ince ve hafif bir g\u00f6r\u00fcn\u00fcme sahip olmas\u0131n\u0131 sa\u011flar. Manyetik arka y\u00fcze sahip k\u0131l\u0131f\u0131 sayesinde, herhangi bir ak\u0131ll\u0131 telefon ve arabadaki navigasyon tutucusu ile kullan\u0131labilen bir tasar\u0131ma sahip. Flexsee Manyetik G\u00fcne\u015f Okuyucular, y\u00fcksek kaliteli UV 400 camlar\u0131 sayesinde zararl\u0131 g\u00fcne\u015f \u0131\u015f\u0131nlar\u0131na kar\u015f\u0131 y\u00fcksek koruma sa\u011flar.\" \/>\n<meta property=\"og:url\" content=\"https:\/\/flexseeglasses.com\/tr\/urunler\/flexsee-glasses-magnetic-01-gunes-siyah-mermer\/\" \/>\n<meta property=\"og:site_name\" content=\"Flexsee Glasses\" \/>\n<meta property=\"article:modified_time\" content=\"2025-01-29T12:15:55+00:00\" \/>\n<meta property=\"og:image\" content=\"https:\/\/flexseeglasses.com\/tr\/wp-content\/uploads\/2020\/07\/Flexsee-Magnetic-01_Sun_marble-black4.jpg\" \/>\n\t<meta property=\"og:image:width\" content=\"845\" \/>\n\t<meta property=\"og:image:height\" content=\"644\" \/>\n\t<meta property=\"og:image:type\" content=\"image\/jpeg\" \/>\n<meta name=\"twitter:card\" content=\"summary_large_image\" \/>\n<meta name=\"twitter:label1\" content=\"Tahmini okuma s\u00fcresi\" \/>\n\t<meta name=\"twitter:data1\" content=\"1 dakika\" \/>\n<script type=\"application\/ld+json\" class=\"yoast-schema-graph\">{\"@context\":\"https:\/\/schema.org\",\"@graph\":[{\"@type\":\"WebPage\",\"@id\":\"https:\/\/flexseeglasses.com\/tr\/urunler\/flexsee-glasses-magnetic-01-gunes-siyah-mermer\/\",\"url\":\"https:\/\/flexseeglasses.com\/tr\/urunler\/flexsee-glasses-magnetic-01-gunes-siyah-mermer\/\",\"name\":\"Flexsee Glasses Magnetic 01 G\u00fcne\u015f Siyah Mermer - Flexsee Glasses\",\"isPartOf\":{\"@id\":\"https:\/\/flexseeglasses.com\/tr\/#website\"},\"primaryImageOfPage\":{\"@id\":\"https:\/\/flexseeglasses.com\/tr\/urunler\/flexsee-glasses-magnetic-01-gunes-siyah-mermer\/#primaryimage\"},\"image\":{\"@id\":\"https:\/\/flexseeglasses.com\/tr\/urunler\/flexsee-glasses-magnetic-01-gunes-siyah-mermer\/#primaryimage\"},\"thumbnailUrl\":\"https:\/\/flexseeglasses.com\/tr\/wp-content\/uploads\/2020\/07\/Flexsee-Magnetic-01_Sun_marble-black4.jpg\",\"datePublished\":\"2020-12-04T14:18:21+00:00\",\"dateModified\":\"2025-01-29T12:15:55+00:00\",\"breadcrumb\":{\"@id\":\"https:\/\/flexseeglasses.com\/tr\/urunler\/flexsee-glasses-magnetic-01-gunes-siyah-mermer\/#breadcrumb\"},\"inLanguage\":\"tr\",\"potentialAction\":[{\"@type\":\"ReadAction\",\"target\":[\"https:\/\/flexseeglasses.com\/tr\/urunler\/flexsee-glasses-magnetic-01-gunes-siyah-mermer\/\"]}]},{\"@type\":\"ImageObject\",\"inLanguage\":\"tr\",\"@id\":\"https:\/\/flexseeglasses.com\/tr\/urunler\/flexsee-glasses-magnetic-01-gunes-siyah-mermer\/#primaryimage\",\"url\":\"https:\/\/flexseeglasses.com\/tr\/wp-content\/uploads\/2020\/07\/Flexsee-Magnetic-01_Sun_marble-black4.jpg\",\"contentUrl\":\"https:\/\/flexseeglasses.com\/tr\/wp-content\/uploads\/2020\/07\/Flexsee-Magnetic-01_Sun_marble-black4.jpg\",\"width\":845,\"height\":644},{\"@type\":\"BreadcrumbList\",\"@id\":\"https:\/\/flexseeglasses.com\/tr\/urunler\/flexsee-glasses-magnetic-01-gunes-siyah-mermer\/#breadcrumb\",\"itemListElement\":[{\"@type\":\"ListItem\",\"position\":1,\"name\":\"Home\",\"item\":\"https:\/\/flexseeglasses.com\/tr\/\"},{\"@type\":\"ListItem\",\"position\":2,\"name\":\"Ma\u011faza\",\"item\":\"https:\/\/flexseeglasses.com\/tr\/magaza\/\"},{\"@type\":\"ListItem\",\"position\":3,\"name\":\"Flexsee Glasses Magnetic 01 G\u00fcne\u015f Siyah Mermer\"}]},{\"@type\":\"WebSite\",\"@id\":\"https:\/\/flexseeglasses.com\/tr\/#website\",\"url\":\"https:\/\/flexseeglasses.com\/tr\/\",\"name\":\"Flexsee Glasses\",\"description\":\"\",\"potentialAction\":[{\"@type\":\"SearchAction\",\"target\":{\"@type\":\"EntryPoint\",\"urlTemplate\":\"https:\/\/flexseeglasses.com\/tr\/?s={search_term_string}\"},\"query-input\":\"required name=search_term_string\"}],\"inLanguage\":\"tr\"}]}<\/script>\n<!-- \/ Yoast SEO plugin. -->","yoast_head_json":{"title":"Flexsee Glasses Magnetic 01 G\u00fcne\u015f Siyah Mermer - Flexsee Glasses","robots":{"index":"noindex","follow":"follow","max-snippet":"max-snippet:-1","max-image-preview":"max-image-preview:large","max-video-preview":"max-video-preview:-1"},"og_locale":"tr_TR","og_type":"article","og_title":"Flexsee Glasses Magnetic 01 G\u00fcne\u015f Siyah Mermer - Flexsee Glasses","og_description":"En son tasar\u0131m\u0131m\u0131z olan \u00a0Flexsee Magnetic, \u00a0teknolojiyi tarzla birle\u015ftirmenin yeni bir yolu.. \u00a0Flexsee Magnetic, benzersiz tasar\u0131m\u0131 ile kolayca esneyebilir; bu da onu\u00a0 piyasadaki \u00e7o\u011fu g\u00f6zl\u00fckten \u00e7ok daha dayan\u0131kl\u0131 hale getiriyor. Manyetik saplar\u0131 sayesinde Flexsee Magnetic, orijinal konumuna geri d\u00f6nebilir. Bu \u00f6zellik Flexsee Magnetic'in kapat\u0131ld\u0131\u011f\u0131nda \u00e7ok ince ve hafif bir g\u00f6r\u00fcn\u00fcme sahip olmas\u0131n\u0131 sa\u011flar. Manyetik arka y\u00fcze sahip k\u0131l\u0131f\u0131 sayesinde, herhangi bir ak\u0131ll\u0131 telefon ve arabadaki navigasyon tutucusu ile kullan\u0131labilen bir tasar\u0131ma sahip. Flexsee Manyetik G\u00fcne\u015f Okuyucular, y\u00fcksek kaliteli UV 400 camlar\u0131 sayesinde zararl\u0131 g\u00fcne\u015f \u0131\u015f\u0131nlar\u0131na kar\u015f\u0131 y\u00fcksek koruma sa\u011flar.","og_url":"https:\/\/flexseeglasses.com\/tr\/urunler\/flexsee-glasses-magnetic-01-gunes-siyah-mermer\/","og_site_name":"Flexsee Glasses","article_modified_time":"2025-01-29T12:15:55+00:00","og_image":[{"width":845,"height":644,"url":"https:\/\/flexseeglasses.com\/tr\/wp-content\/uploads\/2020\/07\/Flexsee-Magnetic-01_Sun_marble-black4.jpg","type":"image\/jpeg"}],"twitter_card":"summary_large_image","twitter_misc":{"Tahmini okuma s\u00fcresi":"1 dakika"},"schema":{"@context":"https:\/\/schema.org","@graph":[{"@type":"WebPage","@id":"https:\/\/flexseeglasses.com\/tr\/urunler\/flexsee-glasses-magnetic-01-gunes-siyah-mermer\/","url":"https:\/\/flexseeglasses.com\/tr\/urunler\/flexsee-glasses-magnetic-01-gunes-siyah-mermer\/","name":"Flexsee Glasses Magnetic 01 G\u00fcne\u015f Siyah Mermer - Flexsee Glasses","isPartOf":{"@id":"https:\/\/flexseeglasses.com\/tr\/#website"},"primaryImageOfPage":{"@id":"https:\/\/flexseeglasses.com\/tr\/urunler\/flexsee-glasses-magnetic-01-gunes-siyah-mermer\/#primaryimage"},"image":{"@id":"https:\/\/flexseeglasses.com\/tr\/urunler\/flexsee-glasses-magnetic-01-gunes-siyah-mermer\/#primaryimage"},"thumbnailUrl":"https:\/\/flexseeglasses.com\/tr\/wp-content\/uploads\/2020\/07\/Flexsee-Magnetic-01_Sun_marble-black4.jpg","datePublished":"2020-12-04T14:18:21+00:00","dateModified":"2025-01-29T12:15:55+00:00","breadcrumb":{"@id":"https:\/\/flexseeglasses.com\/tr\/urunler\/flexsee-glasses-magnetic-01-gunes-siyah-mermer\/#breadcrumb"},"inLanguage":"tr","potentialAction":[{"@type":"ReadAction","target":["https:\/\/flexseeglasses.com\/tr\/urunler\/flexsee-glasses-magnetic-01-gunes-siyah-mermer\/"]}]},{"@type":"ImageObject","inLanguage":"tr","@id":"https:\/\/flexseeglasses.com\/tr\/urunler\/flexsee-glasses-magnetic-01-gunes-siyah-mermer\/#primaryimage","url":"https:\/\/flexseeglasses.com\/tr\/wp-content\/uploads\/2020\/07\/Flexsee-Magnetic-01_Sun_marble-black4.jpg","contentUrl":"https:\/\/flexseeglasses.com\/tr\/wp-content\/uploads\/2020\/07\/Flexsee-Magnetic-01_Sun_marble-black4.jpg","width":845,"height":644},{"@type":"BreadcrumbList","@id":"https:\/\/flexseeglasses.com\/tr\/urunler\/flexsee-glasses-magnetic-01-gunes-siyah-mermer\/#breadcrumb","itemListElement":[{"@type":"ListItem","position":1,"name":"Home","item":"https:\/\/flexseeglasses.com\/tr\/"},{"@type":"ListItem","position":2,"name":"Ma\u011faza","item":"https:\/\/flexseeglasses.com\/tr\/magaza\/"},{"@type":"ListItem","position":3,"name":"Flexsee Glasses Magnetic 01 G\u00fcne\u015f Siyah Mermer"}]},{"@type":"WebSite","@id":"https:\/\/flexseeglasses.com\/tr\/#website","url":"https:\/\/flexseeglasses.com\/tr\/","name":"Flexsee Glasses","description":"","potentialAction":[{"@type":"SearchAction","target":{"@type":"EntryPoint","urlTemplate":"https:\/\/flexseeglasses.com\/tr\/?s={search_term_string}"},"query-input":"required name=search_term_string"}],"inLanguage":"tr"}]}},"_links":{"self":[{"href":"https:\/\/flexseeglasses.com\/tr\/wp-json\/wp\/v2\/product\/5531"}],"collection":[{"href":"https:\/\/flexseeglasses.com\/tr\/wp-json\/wp\/v2\/product"}],"about":[{"href":"https:\/\/flexseeglasses.com\/tr\/wp-json\/wp\/v2\/types\/product"}],"replies":[{"embeddable":true,"href":"https:\/\/flexseeglasses.com\/tr\/wp-json\/wp\/v2\/comments?post=5531"}],"wp:featuredmedia":[{"embeddable":true,"href":"https:\/\/flexseeglasses.com\/tr\/wp-json\/wp\/v2\/media\/2168"}],"wp:attachment":[{"href":"https:\/\/flexseeglasses.com\/tr\/wp-json\/wp\/v2\/media?parent=5531"}],"wp:term":[{"taxonomy":"product_cat","embeddable":true,"href":"https:\/\/flexseeglasses.com\/tr\/wp-json\/wp\/v2\/product_cat?post=5531"},{"taxonomy":"product_tag","embeddable":true,"href":"https:\/\/flexseeglasses.com\/tr\/wp-json\/wp\/v2\/product_tag?post=5531"}],"curies":[{"name":"wp","href":"https:\/\/api.w.org\/{rel}","templated":true}]}}